{"id":649,"date":"2026-02-11T22:09:54","date_gmt":"2026-02-12T03:09:54","guid":{"rendered":"http:\/\/dominicvallee.com\/?page_id=649"},"modified":"2026-02-19T20:31:22","modified_gmt":"2026-02-20T01:31:22","slug":"temp","status":"publish","type":"page","link":"https:\/\/dominicvallee.com\/fr\/","title":{"rendered":"Des choses se mijotent..."},"content":{"rendered":"<div class=\"wp-block-group alignfull is-layout-constrained wp-block-group-is-layout-constrained\">\n<div class=\"wp-block-cover alignfull wp-duotone-foreground-and-background\"><img loading=\"lazy\" decoding=\"async\" width=\"1024\" height=\"683\" class=\"wp-block-cover__image-background wp-image-49 size-large\" alt=\"\" src=\"https:\/\/dominicvallee.com\/wp-content\/uploads\/2023\/06\/AboutMe-1024x683.png\" style=\"object-position:29% 34%\" data-object-fit=\"cover\" data-object-position=\"29% 34%\" srcset=\"https:\/\/dominicvallee.com\/wp-content\/uploads\/2023\/06\/AboutMe-1024x683.png 1024w, https:\/\/dominicvallee.com\/wp-content\/uploads\/2023\/06\/AboutMe-300x200.png 300w, https:\/\/dominicvallee.com\/wp-content\/uploads\/2023\/06\/AboutMe-768x512.png 768w, https:\/\/dominicvallee.com\/wp-content\/uploads\/2023\/06\/AboutMe.png 1200w\" sizes=\"auto, (max-width: 1024px) 100vw, 1024px\" \/><span aria-hidden=\"true\" class=\"wp-block-cover__background has-background-dim-0 has-background-dim\" style=\"background-color:#2e2c2c\"><\/span><div class=\"wp-block-cover__inner-container is-layout-constrained wp-block-cover-is-layout-constrained\">\n<h1 class=\"wp-block-heading alignwide has-text-align-right has-primary-color has-text-color has-link-color has-albert-sans-font-family wp-elements-d38675c9af04366b072d15cf4da197e6\" style=\"font-size:56px\"><strong>Dominic Vall\u00e9e<\/strong><\/h1>\n\n\n\n<h2 class=\"wp-block-heading alignwide has-text-align-right has-domine-font-family has-medium-font-size\">Author \/ Creative \u2015 Auteur \/ Cr\u00e9atif<\/h2>\n<\/div><\/div>\n<\/div>\n\n\n\n<div class=\"wp-block-group alignfull has-background-color has-text-color has-background has-link-color wp-elements-5de923969ba6bccd6838ddd5a2db49ad is-layout-constrained wp-block-group-is-layout-constrained\" style=\"background-color:#063952\">\n<div style=\"height:77px\" aria-hidden=\"true\" class=\"wp-block-spacer\"><\/div>\n\n\n\n<div class=\"wp-block-group alignfull is-vertical is-content-justification-center is-nowrap is-layout-flex wp-container-core-group-is-layout-d7b04dc7 wp-block-group-is-layout-flex\">\n<div class=\"wp-block-group is-content-justification-space-between is-layout-flex wp-container-core-group-is-layout-dad7cdeb wp-block-group-is-layout-flex\" style=\"padding-right:var(--wp--preset--spacing--60);padding-left:var(--wp--preset--spacing--60)\">\n<div class=\"wp-block-group is-content-justification-left is-layout-constrained wp-container-core-group-is-layout-a9f88850 wp-block-group-is-layout-constrained\" style=\"padding-right:var(--wp--preset--spacing--40);padding-left:var(--wp--preset--spacing--40)\">\n<h2 class=\"wp-block-heading has-text-align-left has-domine-font-family\" style=\"font-style:normal;font-weight:700\">This page is being rebuilt.<\/h2>\n\n\n\n<p class=\"has-text-align-left has-foreground-color has-text-color has-link-color has-albert-sans-font-family has-large-font-size wp-elements-c5a6381f0226f9e8b7354f1305679fe8\">Stay in the loop by subscribing to my <a href=\"https:\/\/substack.com\/@domivallee\" target=\"_blank\" rel=\"noreferrer noopener\">Substack<\/a>.<\/p>\n<\/div>\n\n\n\n<div class=\"wp-block-group is-content-justification-right is-layout-constrained wp-container-core-group-is-layout-db7dd3bc wp-block-group-is-layout-constrained\">\n<p class=\"has-text-align-center has-foreground-color has-text-color has-link-color has-domine-font-family wp-elements-e7264f051e2400d32647420771287fd9\">\u2193\u2193\u2193 English content \u2193\u2193\u2193<\/p>\n\n\n\n<iframe loading=\"lazy\" src=\"https:\/\/domivallee.substack.com\/embed\" width=\"480\" height=\"150\" style=\"border: 0px solid #EEE; background: 063952\" frameborder=\"0\" scrolling=\"no\"><\/iframe>\n<\/div>\n<\/div>\n\n\n\n<hr class=\"wp-block-separator alignwide has-text-color has-primary-color has-alpha-channel-opacity has-primary-background-color has-background is-style-dots\" style=\"margin-top:var(--wp--preset--spacing--60);margin-bottom:var(--wp--preset--spacing--60)\"\/>\n\n\n\n<div class=\"wp-block-group is-content-justification-space-between is-layout-flex wp-container-core-group-is-layout-3b76477a wp-block-group-is-layout-flex\" style=\"padding-right:var(--wp--preset--spacing--60);padding-left:var(--wp--preset--spacing--60)\">\n<div class=\"wp-block-group is-content-justification-left is-layout-constrained wp-container-core-group-is-layout-a9f88850 wp-block-group-is-layout-constrained\" style=\"padding-right:var(--wp--preset--spacing--40);padding-left:var(--wp--preset--spacing--40)\">\n<h2 class=\"wp-block-heading has-text-align-left has-domine-font-family\" style=\"font-style:normal;font-weight:700\">Cette page est en reconstruction.<\/h2>\n\n\n\n<p class=\"has-text-align-left has-foreground-color has-text-color has-link-color has-albert-sans-font-family has-large-font-size wp-elements-5fa6a970483745009f248ec0e98c29aa\">Restez \u00e0 l&#8217;aff\u00fbt de mes activit\u00e9s en vous inscrivant \u00e0 ma liste d&#8217;envoi.<\/p>\n<\/div>\n\n\n\n<div class=\"wp-block-group is-content-justification-right is-layout-constrained wp-container-core-group-is-layout-db7dd3bc wp-block-group-is-layout-constrained\">\n<p class=\"has-text-align-center has-foreground-color has-text-color has-link-color has-domine-font-family wp-elements-592cc646a778b2934b75dcd2293b3e62\">\u2193\u2193\u2193 Contenu fran\u00e7ais \u2193\u2193\u2193<\/p>\n\n\n\n<iframe loading=\"lazy\" src=\"https:\/\/app.cyberimpact.com\/clients\/60676\/subscribe-forms\/D9CF9DD3-C7D8-4367-BC36-06B5D7A37D3C\" width=\"400\" height=\"350\" frameborder=\"0\" marginheight=\"0\" marginwidth=\"0\" scrolling=\"auto\"><\/iframe>\n<\/div>\n<\/div>\n<\/div>\n\n\n\n<div class=\"wp-block-group alignfull has-primary-background-color has-background is-layout-constrained wp-block-group-is-layout-constrained\">\n<div class=\"wp-block-group alignwide has-primary-background-color has-background is-nowrap is-layout-flex wp-container-core-group-is-layout-0db77883 wp-block-group-is-layout-flex\" style=\"margin-top:0;margin-bottom:0;padding-top:var(--wp--preset--spacing--30);padding-right:var(--wp--preset--spacing--30);padding-bottom:var(--wp--preset--spacing--30);padding-left:var(--wp--preset--spacing--30)\">\n<figure class=\"wp-block-image size-large\"><img loading=\"lazy\" decoding=\"async\" width=\"1024\" height=\"341\" src=\"https:\/\/dominicvallee.com\/wp-content\/uploads\/2026\/02\/Substack_cover-1024x341.jpg\" alt=\"\" class=\"wp-image-721\" srcset=\"https:\/\/dominicvallee.com\/wp-content\/uploads\/2026\/02\/Substack_cover-1024x341.jpg 1024w, https:\/\/dominicvallee.com\/wp-content\/uploads\/2026\/02\/Substack_cover-300x100.jpg 300w, https:\/\/dominicvallee.com\/wp-content\/uploads\/2026\/02\/Substack_cover-768x256.jpg 768w, https:\/\/dominicvallee.com\/wp-content\/uploads\/2026\/02\/Substack_cover-18x6.jpg 18w, https:\/\/dominicvallee.com\/wp-content\/uploads\/2026\/02\/Substack_cover.jpg 1200w\" sizes=\"auto, (max-width: 1024px) 100vw, 1024px\" \/><\/figure>\n\n\n\n<figure class=\"wp-block-image size-large\"><img loading=\"lazy\" decoding=\"async\" width=\"1024\" height=\"341\" src=\"https:\/\/dominicvallee.com\/wp-content\/uploads\/2026\/02\/Substack_cover_fr-1024x341.jpg\" alt=\"\" class=\"wp-image-745\" srcset=\"https:\/\/dominicvallee.com\/wp-content\/uploads\/2026\/02\/Substack_cover_fr-1024x341.jpg 1024w, https:\/\/dominicvallee.com\/wp-content\/uploads\/2026\/02\/Substack_cover_fr-300x100.jpg 300w, https:\/\/dominicvallee.com\/wp-content\/uploads\/2026\/02\/Substack_cover_fr-768x256.jpg 768w, https:\/\/dominicvallee.com\/wp-content\/uploads\/2026\/02\/Substack_cover_fr-18x6.jpg 18w, https:\/\/dominicvallee.com\/wp-content\/uploads\/2026\/02\/Substack_cover_fr.jpg 1200w\" sizes=\"auto, (max-width: 1024px) 100vw, 1024px\" \/><\/figure>\n<\/div>\n<\/div>\n\n\n\n<div class=\"wp-block-group alignfull has-primary-background-color has-background is-layout-constrained wp-block-group-is-layout-constrained\">\n<div class=\"wp-block-group alignwide is-content-justification-center is-nowrap is-layout-flex wp-container-core-group-is-layout-0fadc68c wp-block-group-is-layout-flex\">\n<div class=\"wp-block-group is-layout-constrained wp-container-core-group-is-layout-cba4dc92 wp-block-group-is-layout-constrained\">\n<p class=\"has-text-align-right has-foreground-color has-text-color has-link-color has-small-font-size wp-elements-9c1ceaf609bf07ee95ab019a5c3cc0c6\">\u00a92026 Dominic Vall\u00e9e <\/p>\n<\/div>\n\n\n\n<div class=\"wp-block-group is-layout-constrained wp-container-core-group-is-layout-cba4dc92 wp-block-group-is-layout-constrained\">\n<p class=\"has-text-align-left has-foreground-color has-text-color has-link-color has-small-font-size wp-elements-120fdbeb74050f3ebb36c406b527b1a8\" style=\"text-decoration:none\">&gt;&gt;&gt; <a href=\"mailto:dominic@dominicvallee.com\" target=\"_blank\" rel=\"noreferrer noopener\">Contact<\/a> &lt;&lt;&lt;<\/p>\n<\/div>\n\n\n\n<div class=\"wp-block-group is-layout-constrained wp-container-core-group-is-layout-d9b6dbdb wp-block-group-is-layout-constrained\">\n<figure class=\"wp-block-image size-full is-resized wp-container-content-c0740251\"><img loading=\"lazy\" decoding=\"async\" width=\"433\" height=\"555\" src=\"http:\/\/dominicvallee.com\/wp-content\/uploads\/2023\/06\/raw-0001.png\" alt=\"\" class=\"wp-image-575\" style=\"aspect-ratio:0.7802047781569966;object-fit:cover;width:100px\" srcset=\"https:\/\/dominicvallee.com\/wp-content\/uploads\/2023\/06\/raw-0001.png 433w, https:\/\/dominicvallee.com\/wp-content\/uploads\/2023\/06\/raw-0001-234x300.png 234w, https:\/\/dominicvallee.com\/wp-content\/uploads\/2023\/06\/raw-0001-9x12.png 9w\" sizes=\"auto, (max-width: 433px) 100vw, 433px\" \/><\/figure>\n<\/div>\n<\/div>\n<\/div>\n<\/div>","protected":false},"excerpt":{"rendered":"<p>This page is being rebuilt. Stay in the loop by subscribing to my Substack. \u2193\u2193\u2193 English content \u2193\u2193\u2193 Cette page est en reconstruction. Restez \u00e0 l&#8217;aff\u00fbt de mes activit\u00e9s en vous inscrivant \u00e0 ma liste d&#8217;envoi. \u2193\u2193\u2193 Contenu fran\u00e7ais \u2193\u2193\u2193 \u00a92026 Dominic Vall\u00e9e &gt;&gt;&gt; Contact &lt;&lt;&lt;<\/p>","protected":false},"author":1,"featured_media":0,"parent":0,"menu_order":0,"comment_status":"closed","ping_status":"closed","template":"blank","meta":{"footnotes":""},"class_list":["post-649","page","type-page","status-publish","hentry"],"_links":{"self":[{"href":"https:\/\/dominicvallee.com\/fr\/wp-json\/wp\/v2\/pages\/649","targetHints":{"allow":["GET"]}}],"collection":[{"href":"https:\/\/dominicvallee.com\/fr\/wp-json\/wp\/v2\/pages"}],"about":[{"href":"https:\/\/dominicvallee.com\/fr\/wp-json\/wp\/v2\/types\/page"}],"author":[{"embeddable":true,"href":"https:\/\/dominicvallee.com\/fr\/wp-json\/wp\/v2\/users\/1"}],"replies":[{"embeddable":true,"href":"https:\/\/dominicvallee.com\/fr\/wp-json\/wp\/v2\/comments?post=649"}],"version-history":[{"count":149,"href":"https:\/\/dominicvallee.com\/fr\/wp-json\/wp\/v2\/pages\/649\/revisions"}],"predecessor-version":[{"id":839,"href":"https:\/\/dominicvallee.com\/fr\/wp-json\/wp\/v2\/pages\/649\/revisions\/839"}],"wp:attachment":[{"href":"https:\/\/dominicvallee.com\/fr\/wp-json\/wp\/v2\/media?parent=649"}],"curies":[{"name":"wp","href":"https:\/\/api.w.org\/{rel}","templated":true}]}}